{"id":17,"date":"2011-06-22T09:10:36","date_gmt":"2011-06-22T09:10:36","guid":{"rendered":"http:\/\/vectorargentina.com.ar\/laboratoriooptico\/lentes-transitions-xtractive\/"},"modified":"2025-01-08T12:55:56","modified_gmt":"2025-01-08T12:55:56","slug":"lentes-transitions-xtractive","status":"publish","type":"page","link":"http:\/\/vectorargentina.com.ar\/laboratoriooptico\/lentes-transitions-xtractive\/","title":{"rendered":"Lentes Transitions XTRActive"},"content":{"rendered":"<h2>Transitions\u00ae XTRActive\u2122<\/h2>\n<p>Las lentes <b>Transitions\u00ae XTRActive\u2122, son las lentes de uso diario m\u00e1s oscuras que se<br \/>\nhan creado, dise\u00f1adas especialmente para usuarios de anteojos que pasan muchas<br \/>\nhoras al aire libre.<\/b><br \/>\nSe adaptan autom\u00e1ticamente a las diferentes condiciones de luminosidad, permitiendo de<br \/>\nmanera efectiva que la cantidad adecuada de luz llegue a los ojos. Tienen un leve tono gris en<br \/>\ninteriores y oscuros en exteriores ante la presencia de los rayos UV como a la luz visible.<\/p>\n<p>Teniendo en cuenta que la excesiva exposici\u00f3n de los ojos a los rayos UVB y UVA y a otras<br \/>\ncondiciones clim\u00e1ticas, consecuencia de estar al aire libre, pueden da\u00f1ar considerablemente la<br \/>\nvisi\u00f3n, se desarrollaron los lentes Transitions\u00ae XTRActive\u2122, que tienen una mayor capacidad<br \/>\nde oscurecimiento.<\/p>\n<p>Al igual que cualquier otra tecnolog\u00eda fotosensible, los lentes Transitions\u00ae XTRActive\u2122, se<br \/>\nven afectadas por la temperatura. Con temperaturas bajas los lentes alcanzan un nivel de<br \/>\noscurecimiento del 96%. Mientras que en temperaturas mayores alcanzan una coloraci\u00f3n de,<br \/>\npor ejemplo, el 90% a 23\u00b0C, es decir, al mismo nivel que una lente de sol tradicional.<\/p>\n<p>Adem\u00e1s, cabe destacar,<b> que se activan ligeramente detr\u00e1s del parabrisas del coche<\/b>. Esta<br \/>\nnovedad es ideal para personas din\u00e1micas, activas que buscan una alternativa a los lentes<br \/>\nclaros, pero que necesitan un tono m\u00e1s oscuro.<\/p>\n<p>Una vez m\u00e1s, Transitions\u00ae Optical inserta en el mercado un lente con la m\u00e1s avanzada<br \/>\ntecnolog\u00eda, para satisfacer las necesidades de cada usuario, promover su salud visual y<br \/>\ncontribuir a su mejor calidad de vida.<\/p>\n<p>&nbsp;<\/p>\n","protected":false},"excerpt":{"rendered":"<p>Transitions\u00ae XTRActive\u2122 Las lentes Transitions\u00ae XTRActive\u2122, son las lentes de uso diario m\u00e1s oscuras que se han creado, dise\u00f1adas especialmente para usuarios de anteojos que pasan muchas horas al aire libre. Se adaptan autom\u00e1ticamente a las diferentes condiciones de luminosidad, permitiendo de manera efectiva que la cantidad adecuada de luz llegue a los ojos. Tienen [&hellip;]<\/p>\n","protected":false},"author":2,"featured_media":0,"parent":0,"menu_order":2,"comment_status":"closed","ping_status":"closed","template":"","meta":{"footnotes":""},"class_list":["post-17","page","type-page","status-publish","hentry","page-entry","loop-entry","clr"],"_links":{"self":[{"href":"http:\/\/vectorargentina.com.ar\/laboratoriooptico\/wp-json\/wp\/v2\/pages\/17","targetHints":{"allow":["GET"]}}],"collection":[{"href":"http:\/\/vectorargentina.com.ar\/laboratoriooptico\/wp-json\/wp\/v2\/pages"}],"about":[{"href":"http:\/\/vectorargentina.com.ar\/laboratoriooptico\/wp-json\/wp\/v2\/types\/page"}],"author":[{"embeddable":true,"href":"http:\/\/vectorargentina.com.ar\/laboratoriooptico\/wp-json\/wp\/v2\/users\/2"}],"replies":[{"embeddable":true,"href":"http:\/\/vectorargentina.com.ar\/laboratoriooptico\/wp-json\/wp\/v2\/comments?post=17"}],"version-history":[{"count":2,"href":"http:\/\/vectorargentina.com.ar\/laboratoriooptico\/wp-json\/wp\/v2\/pages\/17\/revisions"}],"predecessor-version":[{"id":121,"href":"http:\/\/vectorargentina.com.ar\/laboratoriooptico\/wp-json\/wp\/v2\/pages\/17\/revisions\/121"}],"wp:attachment":[{"href":"http:\/\/vectorargentina.com.ar\/laboratoriooptico\/wp-json\/wp\/v2\/media?parent=17"}],"curies":[{"name":"wp","href":"https:\/\/api.w.org\/{rel}","templated":true}]}}