{"id":24,"date":"2011-09-14T13:48:44","date_gmt":"2011-09-14T13:48:44","guid":{"rendered":"http:\/\/vectorargentina.com.ar\/laboratoriooptico\/lentes-transitions\/"},"modified":"2025-01-08T12:57:01","modified_gmt":"2025-01-08T12:57:01","slug":"lentes-transitions","status":"publish","type":"page","link":"http:\/\/vectorargentina.com.ar\/laboratoriooptico\/lentes-transitions\/","title":{"rendered":"Transitions"},"content":{"rendered":"<p><a href=\"http:\/\/vectorargentina.com.ar\/laboratoriooptico\/wp-content\/uploads\/2025\/01\/barrilete.jpg\"><img loading=\"lazy\" decoding=\"async\" src=\"http:\/\/vectorargentina.com.ar\/laboratoriooptico\/wp-content\/uploads\/2025\/01\/barrilete-300x238.jpg\" alt=\"\" width=\"300\" height=\"238\" class=\"alignnone size-medium wp-image-122\" srcset=\"http:\/\/vectorargentina.com.ar\/laboratoriooptico\/wp-content\/uploads\/2025\/01\/barrilete-300x238.jpg 300w, http:\/\/vectorargentina.com.ar\/laboratoriooptico\/wp-content\/uploads\/2025\/01\/barrilete-768x608.jpg 768w, http:\/\/vectorargentina.com.ar\/laboratoriooptico\/wp-content\/uploads\/2025\/01\/barrilete.jpg 900w\" sizes=\"auto, (max-width: 300px) 100vw, 300px\" \/><\/a><\/p>\n<h2>Transitions\u00ae VI<\/h2>\n<p>Los lentes <b>Transitions\u00ae VI se destacan por su r\u00e1pida respuesta de activaci\u00f3n y<br \/>\ndesactivaci\u00f3n<\/b>, tanto a temperaturas medias como a temperaturas elevadas.<\/p>\n<p><b>La velocidad para aclararse, es una de las caracter\u00edsticas especiales de este modelo de<br \/>\nlentes Transitions<\/b>, consiguiendo de esta forma, proporcionar mayor confort y calidad visual.<br \/>\nLos lentes Transitions ayudan a mejorar la calidad de la visi\u00f3n todos los d\u00edas y en todas las<br \/>\ncondiciones de iluminaci\u00f3n.<\/p>\n<p>Los lentes Transitions\u00ae VI fueron dise\u00f1ados para adaptarse r\u00e1pidamente a las distintas<br \/>\ncondiciones de luminosidad, permitiendo que \u00fanicamente la cantidad necesaria de luz llegue a<br \/>\nlos ojos, protegi\u00e9ndolos y proporcionando un nivel adecuado de oscuridad.<\/p>\n<p>Por otra parte, ayudan a reducir el riesgo que corren los ojos frente a la prolongada exposici\u00f3n<br \/>\nal sol, ya que proporcionan una conveniente protecci\u00f3n contra los perjudiciales rayos UV y<br \/>\ncontra el deslumbramiento que puede obstaculizar la visi\u00f3n.<\/p>\n<p>Adem\u00e1s, se aptan a todos estilos de armazones oft\u00e1lmicos, y est\u00e1n disponibles en todo tipo de<br \/>\nmateriales y dise\u00f1os de lentes, desde materiales de alto \u00edndice \u2013adelgazados- hasta materiales<br \/>\nresistentes a los golpes y desde lentes monofocales hasta progresivos.<\/p>\n<p><b>Los lentes Transitions\u00ae VI permiten ver la vida como deber ser vista.<\/b> Son tan claros como<br \/>\nlos lentes regulares hasta que detectan la presencia de los peligrosos rayos solares. De esta<br \/>\nforma, cada persona puede apreciar de mejor manera los colores, contrastes y formas que se<br \/>\nencuentran en el ambiente y disfrutar lo mejor de la vida al obtener una excelente calidad y<br \/>\nsalud visual a largo plazo.<\/p>\n<p>Mayor informaci\u00f3n en:<a href=\"http:\/\/es-la.transitions.com\/es\/default.aspx\"> Transitions <\/b><\/a><\/p>\n","protected":false},"excerpt":{"rendered":"<p>Transitions\u00ae VI Los lentes Transitions\u00ae VI se destacan por su r\u00e1pida respuesta de activaci\u00f3n y desactivaci\u00f3n, tanto a temperaturas medias como a temperaturas elevadas. La velocidad para aclararse, es una de las caracter\u00edsticas especiales de este modelo de lentes Transitions, consiguiendo de esta forma, proporcionar mayor confort y calidad visual. Los lentes Transitions ayudan a [&hellip;]<\/p>\n","protected":false},"author":2,"featured_media":0,"parent":0,"menu_order":3,"comment_status":"closed","ping_status":"closed","template":"","meta":{"footnotes":""},"class_list":["post-24","page","type-page","status-publish","hentry","page-entry","loop-entry","clr"],"_links":{"self":[{"href":"http:\/\/vectorargentina.com.ar\/laboratoriooptico\/wp-json\/wp\/v2\/pages\/24","targetHints":{"allow":["GET"]}}],"collection":[{"href":"http:\/\/vectorargentina.com.ar\/laboratoriooptico\/wp-json\/wp\/v2\/pages"}],"about":[{"href":"http:\/\/vectorargentina.com.ar\/laboratoriooptico\/wp-json\/wp\/v2\/types\/page"}],"author":[{"embeddable":true,"href":"http:\/\/vectorargentina.com.ar\/laboratoriooptico\/wp-json\/wp\/v2\/users\/2"}],"replies":[{"embeddable":true,"href":"http:\/\/vectorargentina.com.ar\/laboratoriooptico\/wp-json\/wp\/v2\/comments?post=24"}],"version-history":[{"count":1,"href":"http:\/\/vectorargentina.com.ar\/laboratoriooptico\/wp-json\/wp\/v2\/pages\/24\/revisions"}],"predecessor-version":[{"id":123,"href":"http:\/\/vectorargentina.com.ar\/laboratoriooptico\/wp-json\/wp\/v2\/pages\/24\/revisions\/123"}],"wp:attachment":[{"href":"http:\/\/vectorargentina.com.ar\/laboratoriooptico\/wp-json\/wp\/v2\/media?parent=24"}],"curies":[{"name":"wp","href":"https:\/\/api.w.org\/{rel}","templated":true}]}}