{"id":26,"date":"2011-09-14T13:53:30","date_gmt":"2011-09-14T13:53:30","guid":{"rendered":"http:\/\/vectorargentina.com.ar\/laboratoriooptico\/historia\/"},"modified":"2025-02-04T12:16:33","modified_gmt":"2025-02-04T12:16:33","slug":"historia","status":"publish","type":"page","link":"http:\/\/vectorargentina.com.ar\/laboratoriooptico\/historia\/","title":{"rendered":"Historia"},"content":{"rendered":"<p>\u2013 La Historia de VectorLatina nace en el a\u00f1o 1957 cuando Jos\u00e9 Mario Bello ingresa en el mundo de la \u00f3ptica trabajando en fundici\u00f3n y tallados de bifocales. Creando en el a\u00f1o 1968 su propio Laboratorio de especialidades \u00f3pticas, Opti Robell.<\/p>\n<p>\u2013 En el a\u00f1o 1993 nace VectorLatina, una empresa dirigida especialmente a resolver las necesidades del \u00f3ptico, utilizando la mejor tecnolog\u00eda y brindando el compromiso que sus clientes destacan y valoran diariamente. Al a\u00f1o siguiente comienza su etapa como distribuidor oficial de los productos Essilor.<\/p>\n<p>\u2013 Con el paso del tiempo, la empresa se orienta a la especializaci\u00f3n de lentes org\u00e1nicas adquiriendo modernos equipos, en muchos casos los primeros en llegar al pa\u00eds.<\/p>\n<p>\u2013 En el a\u00f1o 2000, VectorLatina se expande, abriendo una sucursal en la ciudad de La Plata y en el 2003 en la ciudad de Mendoza. Ambas equipadas con modernos sistemas de calibrado y stock propio para cubrir las demandas locales con un alto est\u00e1ndar de calidad.<\/p>\n<p>\u2013 En el 2005 VectorLatina es elegido por Transitions para ser incorporado al programa LabNetwork. Dicho programa se basa en el trabajo ligado a la difusi\u00f3n y promoci\u00f3n de las lentes Transitions.<\/p>\n<p>\u2013 En 2006, VectorLatina se une a Essilor Argentina y cuatro laboratorios m\u00e1s, es ah\u00ed donde nace ArCoating, el primer centro de tratamiento antirreflejo del pa\u00eds.<br \/>\nAll\u00ed se produce Crizal, la marca m\u00e1s importante del mundo en lentes antirreflejos.<\/p>\n<p>\u2013 En abril de 2009 se inaugura la sucursal NOA, situada en la ciudad de Salta. Desde all\u00ed se abastece a las provincias de Tucum\u00e1n, Jujuy, Catamarca y Santiago del Estero.<\/p>\n<p>Actualmente VectorLatina sigue destac\u00e1ndose por su calidad, innovaci\u00f3n y honestidad, valores que son reconocidos por el mercado y que desde sus comienzos hasta el d\u00eda de hoy, se mantienen como prioridad principal.<\/p>\n<p>&nbsp;<\/p>\n","protected":false},"excerpt":{"rendered":"<p>\u2013 La Historia de VectorLatina nace en el a\u00f1o 1957 cuando Jos\u00e9 Mario Bello ingresa en el mundo de la \u00f3ptica trabajando en fundici\u00f3n y tallados de bifocales. Creando en el a\u00f1o 1968 su propio Laboratorio de especialidades \u00f3pticas, Opti Robell. \u2013 En el a\u00f1o 1993 nace VectorLatina, una empresa dirigida especialmente a resolver las [&hellip;]<\/p>\n","protected":false},"author":2,"featured_media":0,"parent":0,"menu_order":3,"comment_status":"closed","ping_status":"closed","template":"","meta":{"footnotes":""},"class_list":["post-26","page","type-page","status-publish","hentry","page-entry","loop-entry","clr"],"_links":{"self":[{"href":"http:\/\/vectorargentina.com.ar\/laboratoriooptico\/wp-json\/wp\/v2\/pages\/26","targetHints":{"allow":["GET"]}}],"collection":[{"href":"http:\/\/vectorargentina.com.ar\/laboratoriooptico\/wp-json\/wp\/v2\/pages"}],"about":[{"href":"http:\/\/vectorargentina.com.ar\/laboratoriooptico\/wp-json\/wp\/v2\/types\/page"}],"author":[{"embeddable":true,"href":"http:\/\/vectorargentina.com.ar\/laboratoriooptico\/wp-json\/wp\/v2\/users\/2"}],"replies":[{"embeddable":true,"href":"http:\/\/vectorargentina.com.ar\/laboratoriooptico\/wp-json\/wp\/v2\/comments?post=26"}],"version-history":[{"count":2,"href":"http:\/\/vectorargentina.com.ar\/laboratoriooptico\/wp-json\/wp\/v2\/pages\/26\/revisions"}],"predecessor-version":[{"id":146,"href":"http:\/\/vectorargentina.com.ar\/laboratoriooptico\/wp-json\/wp\/v2\/pages\/26\/revisions\/146"}],"wp:attachment":[{"href":"http:\/\/vectorargentina.com.ar\/laboratoriooptico\/wp-json\/wp\/v2\/media?parent=26"}],"curies":[{"name":"wp","href":"https:\/\/api.w.org\/{rel}","templated":true}]}}