{"id":32,"date":"2011-09-22T18:14:24","date_gmt":"2011-09-22T18:14:24","guid":{"rendered":"http:\/\/vectorargentina.com.ar\/laboratoriooptico\/buenos-aires\/"},"modified":"2025-02-04T12:08:14","modified_gmt":"2025-02-04T12:08:14","slug":"buenos-aires","status":"publish","type":"page","link":"http:\/\/vectorargentina.com.ar\/laboratoriooptico\/buenos-aires\/","title":{"rendered":"Buenos Aires"},"content":{"rendered":"<p><strong> Casa Central \u2013 Buenos Aires <\/strong><\/p>\n<p><strong> Calle:<\/strong> Espora 23<br \/>\n<strong>Localidad: <\/strong>Ramos Mej\u00eda<\/p>\n<p><strong> Tel:<\/strong> (011) 4656-7280 Fax: 4654-7514 \/ 0810-220-VECTOR (8328)<\/p>\n<p><strong> Cod. Post.:<\/strong> B1704FAA<\/p>\n<p><strong> E-mail: <\/strong><a href=\"mailto:info@vectorlatina.com.ar\">info@vectorlatina.com.ar<\/a><\/p>\n<p>Nuestras instalaciones cuentan con todas las herramientas necesarias para brindar el servicio que Vector Argentina y Essilor Argentina exigen:<\/p>\n<p>\u2022 Maquinaria de \u00faltima tecnolog\u00eda para calibrados y control de calibrados.<\/p>\n<p>\u2022 Sistema de comunicaci\u00f3n online las 24 hs con casa Central, para respuestas inmediatas a consultas.<\/p>\n<p>\u2022 Sala y equipamiento para capacitaci\u00f3n.<\/p>\n<p><strong><br \/>\nAdemas, ud encontrar\u00e1:<\/strong><b><\/b><\/p>\n<p>\u2022 Atenci\u00f3n Personalizada<\/p>\n<p>\u2022 Asesoramiento T\u00e9cnico<\/p>\n<p>\u2022 Entrega y retiro de mercader\u00eda puerta a puerta<\/p>\n<p>\u2022 Calibrados en el d\u00eda.<\/p>\n<p>\u2022 Productos Garantidos<\/p>\n<p>\u2022 Capacitaci\u00f3n<\/p>\n<p>Equipados con la m\u00e1s alta tecnolog\u00eda del mercado, y con un equipo de personal joven y din\u00e1mico, logramos hacer de nuestra Sede Central, un verdadero centro de soluciones para nuestros Clientes y sucursales.<\/p>\n","protected":false},"excerpt":{"rendered":"<p>Casa Central \u2013 Buenos Aires Calle: Espora 23 Localidad: Ramos Mej\u00eda Tel: (011) 4656-7280 Fax: 4654-7514 \/ 0810-220-VECTOR (8328) Cod. Post.: B1704FAA E-mail: info@vectorlatina.com.ar Nuestras instalaciones cuentan con todas las herramientas necesarias para brindar el servicio que Vector Argentina y Essilor Argentina exigen: \u2022 Maquinaria de \u00faltima tecnolog\u00eda para calibrados y control de calibrados. \u2022 [&hellip;]<\/p>\n","protected":false},"author":2,"featured_media":0,"parent":0,"menu_order":2,"comment_status":"closed","ping_status":"closed","template":"","meta":{"footnotes":""},"class_list":["post-32","page","type-page","status-publish","hentry","page-entry","loop-entry","clr"],"_links":{"self":[{"href":"http:\/\/vectorargentina.com.ar\/laboratoriooptico\/wp-json\/wp\/v2\/pages\/32","targetHints":{"allow":["GET"]}}],"collection":[{"href":"http:\/\/vectorargentina.com.ar\/laboratoriooptico\/wp-json\/wp\/v2\/pages"}],"about":[{"href":"http:\/\/vectorargentina.com.ar\/laboratoriooptico\/wp-json\/wp\/v2\/types\/page"}],"author":[{"embeddable":true,"href":"http:\/\/vectorargentina.com.ar\/laboratoriooptico\/wp-json\/wp\/v2\/users\/2"}],"replies":[{"embeddable":true,"href":"http:\/\/vectorargentina.com.ar\/laboratoriooptico\/wp-json\/wp\/v2\/comments?post=32"}],"version-history":[{"count":3,"href":"http:\/\/vectorargentina.com.ar\/laboratoriooptico\/wp-json\/wp\/v2\/pages\/32\/revisions"}],"predecessor-version":[{"id":138,"href":"http:\/\/vectorargentina.com.ar\/laboratoriooptico\/wp-json\/wp\/v2\/pages\/32\/revisions\/138"}],"wp:attachment":[{"href":"http:\/\/vectorargentina.com.ar\/laboratoriooptico\/wp-json\/wp\/v2\/media?parent=32"}],"curies":[{"name":"wp","href":"https:\/\/api.w.org\/{rel}","templated":true}]}}